{"id":491,"date":"2026-04-20T22:25:47","date_gmt":"2026-04-20T22:25:47","guid":{"rendered":"https:\/\/my1way.com\/od-do\/?page_id=491"},"modified":"2026-04-20T22:32:22","modified_gmt":"2026-04-20T22:32:22","slug":"prirucnik-za-slobodu","status":"publish","type":"page","link":"http:\/\/my1way.com\/od-do\/?page_id=491","title":{"rendered":"Priru\u010dnik za slobodu"},"content":{"rendered":"\n<p>&#8220;Ako tra\u017ei\u0161 potvrdu da si savr\u0161en, zatvori ovu knjigu. Ona nije ogledalo za tvoju ta\u0161tinu.<br>Ako si umoran od uloge koju igra\u0161 na pozornici koju nisi sam sagradio, <br>ako osje\u0107a\u0161 da je tvoja &#8216;ljepota&#8217; postala tvoj zatvor, a tvoji uspjesi tvoja praznina \u2013 ostani.<\/p>\n\n\n\n<blockquote class=\"wp-block-quote is-layout-flow wp-block-quote-is-layout-flow\">\n<p>Pred tobom je 49 dana duhovne kirurgije. <br>Ne\u0107e biti lako, jer \u0107emo sje\u0107i korijenje koje te hrani la\u017eima. <br>Ali na kraju puta, kad utihnu aplauzi svijeta, \u010deka te Branitelj. <br>\u010ceka te Istina.<br>\u010ceka\u0161 te \u2013 ti, onakav kakvog te Bog zamislio.&#8221;<\/p>\n<\/blockquote>\n\n\n\n<p><\/p>\n","protected":false},"excerpt":{"rendered":"<p>&#8220;Ako tra\u017ei\u0161 potvrdu da si savr\u0161en, zatvori ovu knjigu. Ona nije ogledalo za tvoju ta\u0161tinu.Ako si umoran od uloge koju igra\u0161 na pozornici koju nisi sam sagradio, ako osje\u0107a\u0161 da je tvoja &#8216;ljepota&#8217; postala tvoj zatvor, a tvoji uspjesi tvoja &hellip; <a href=\"http:\/\/my1way.com\/od-do\/?page_id=491\">Continue reading <span class=\"meta-nav\">&rarr;<\/span><\/a><\/p>\n","protected":false},"author":1,"featured_media":0,"parent":0,"menu_order":0,"comment_status":"closed","ping_status":"closed","template":"","meta":{"footnotes":""},"class_list":["post-491","page","type-page","status-publish","hentry"],"_links":{"self":[{"href":"http:\/\/my1way.com\/od-do\/index.php?rest_route=\/wp\/v2\/pages\/491","targetHints":{"allow":["GET"]}}],"collection":[{"href":"http:\/\/my1way.com\/od-do\/index.php?rest_route=\/wp\/v2\/pages"}],"about":[{"href":"http:\/\/my1way.com\/od-do\/index.php?rest_route=\/wp\/v2\/types\/page"}],"author":[{"embeddable":true,"href":"http:\/\/my1way.com\/od-do\/index.php?rest_route=\/wp\/v2\/users\/1"}],"replies":[{"embeddable":true,"href":"http:\/\/my1way.com\/od-do\/index.php?rest_route=%2Fwp%2Fv2%2Fcomments&post=491"}],"version-history":[{"count":5,"href":"http:\/\/my1way.com\/od-do\/index.php?rest_route=\/wp\/v2\/pages\/491\/revisions"}],"predecessor-version":[{"id":496,"href":"http:\/\/my1way.com\/od-do\/index.php?rest_route=\/wp\/v2\/pages\/491\/revisions\/496"}],"wp:attachment":[{"href":"http:\/\/my1way.com\/od-do\/index.php?rest_route=%2Fwp%2Fv2%2Fmedia&parent=491"}],"curies":[{"name":"wp","href":"https:\/\/api.w.org\/{rel}","templated":true}]}}